{"id":177,"date":"2021-02-16T09:50:51","date_gmt":"2021-02-16T09:50:51","guid":{"rendered":"http:\/\/patonessemueve.es\/web\/?page_id=177"},"modified":"2026-02-24T18:35:53","modified_gmt":"2026-02-24T18:35:53","slug":"carrera-de-montana-reino-de-patones","status":"publish","type":"page","link":"https:\/\/patonessemueve.es\/web\/carrera-de-montana-reino-de-patones\/","title":{"rendered":"X Carrera de Monta\u00f1a Reino de Patones"},"content":{"rendered":"\n<p><strong><mark style=\"background-color:#ecf109\" class=\"has-inline-color has-black-color\">LISTA DE ESPERA: info@patonessemueve.es<\/mark><\/strong><\/p>\n\n\n\n<ul class=\"wp-block-list\">\n<li><mark style=\"background-color:rgba(0, 0, 0, 0)\" class=\"has-inline-color has-vivid-red-color\">Fecha:<\/mark> 28\/2\/2026<\/li>\n\n\n\n<li><mark style=\"background-color:rgba(0, 0, 0, 0)\" class=\"has-inline-color has-primary-color\">Hora:<\/mark> 10:00 h.<\/li>\n\n\n\n<li><mark style=\"background-color:rgba(0, 0, 0, 0)\" class=\"has-inline-color has-vivid-red-color\">Lugar: <\/mark>Front\u00f3n municipal de Patones<\/li>\n\n\n\n<li><mark style=\"background-color:rgba(0, 0, 0, 0)\" class=\"has-inline-color has-vivid-red-color\">Distancias: <\/mark>\n<ul class=\"wp-block-list\">\n<li>Larga: 17 km. Desnivel: +1000<\/li>\n\n\n\n<li>Corta: 11,5 km. Desnivel: +550 <\/li>\n\n\n\n<li>Andarines: 9 km. Desnivel +365<\/li>\n\n\n\n<li>Pequetrail: 1 km <\/li>\n<\/ul>\n<\/li>\n\n\n\n<li><mark style=\"background-color:rgba(0, 0, 0, 0)\" class=\"has-inline-color has-vivid-red-color\">Precio Inscripci\u00f3n:<\/mark>\n<ul class=\"wp-block-list\">\n<li>Larga: 21,00 \u20ac hasta el 31 enero. Luego 25,00 \u20ac<\/li>\n\n\n\n<li>Corta: 19,00 \u20ac hasta el 31 enero. Luego 22,00 \u20ac<\/li>\n\n\n\n<li>Andarines: 13,00 \u20ac hasta 31 enero. Luego 15,00 \u20ac.<\/li>\n<\/ul>\n<\/li>\n\n\n\n<li><mark style=\"background-color:rgba(0, 0, 0, 0)\" class=\"has-inline-color has-vivid-red-color\">NO<\/mark> se devolver\u00e1 el importe de la inscripci\u00f3n en caso de no poder participar.<\/li>\n\n\n\n<li><mark style=\"background-color:rgba(0, 0, 0, 0)\" class=\"has-inline-color has-vivid-red-color\">Limite:<\/mark> 300 corredores entre las dos distancias. Se publicar\u00e1 en la web el momento en el que se completen los dorsales. Una vez agotados los dorsales, aquellas personas interesadas en colocarse en lista de espera por si alg\u00fan corredor inscrito causa baja, han de enviar sus datos por e-mail a info@patonessemueve.es<\/li>\n\n\n\n<li><mark style=\"background-color:rgba(0, 0, 0, 0)\" class=\"has-inline-color has-vivid-red-color\">Entrega de dorsales<\/mark> el mismo d\u00eda de la carrera a partir de las 8:00 h. IMPRESCINDIBLE PRESENTAR DNI  \u00d3 AUTORIZACI\u00d3N FIRMADA CON FOTOCOPIA DE DNI CASO DE QUE LO RECOJA OTRA PERSONA.<\/li>\n\n\n\n<li><mark style=\"background-color:rgba(0, 0, 0, 0)\" class=\"has-inline-color has-vivid-red-color\">Tiempo m\u00e1ximo<\/mark>: Se establecer\u00e1n dos controles con l\u00edmite de tiempo de paso para la distancia :\n<ul class=\"wp-block-list\">\n<li>Km 5: 1:30 horas.<\/li>\n\n\n\n<li>Km 13,5: 3:00 horas.<\/li>\n\n\n\n<li>Tiempo para finalizar la carrera larga: 4:00 horas.<\/li>\n\n\n\n<li>Tiempo para finalizar la carrera corta: 2:30 horas.<\/li>\n\n\n\n<li>Tiempo m\u00e1ximo para la ruta de andarines: 3:30 horas<\/li>\n<\/ul>\n<\/li>\n\n\n\n<li><mark style=\"background-color:rgba(0, 0, 0, 0)\" class=\"has-inline-color has-vivid-red-color\">Premios: <\/mark>Categor\u00edas masculina y femenina en ambas distancias:\n<ul class=\"wp-block-list\">\n<li>1\u00ba Clasificado: Medalla + regalo<\/li>\n\n\n\n<li>2\u00ba Clasificado: Medalla + regalo<\/li>\n\n\n\n<li>3\u00ba Clasificado: Medalla + regalo<\/li>\n\n\n\n<li>Senior: Medalla + regalo<\/li>\n\n\n\n<li>Master 40: Medalla + regalo<\/li>\n\n\n\n<li>Master 50: Medalla + regalo<\/li>\n\n\n\n<li>Master 60: Medalla + regalo<\/li>\n<\/ul>\n<\/li>\n\n\n\n<li><mark style=\"background-color:rgba(0, 0, 0, 0)\" class=\"has-inline-color has-primary-color\">Jam\u00f3n al Club mas numeroso<\/mark>. El club que m\u00e1s corredores acredite en las inscripciones recibir\u00e1 un jam\u00f3n de regalo durante la entrega de premios.<\/li>\n\n\n\n<li><mark style=\"background-color:rgba(0, 0, 0, 0)\" class=\"has-inline-color has-primary-color\">Sorteo de regalos<\/mark>. Se sortear\u00e1n varios regalos entre todos los participantes.<\/li>\n\n\n\n<li><mark style=\"background-color:rgba(0, 0, 0, 0)\" class=\"has-inline-color has-vivid-red-color\">Avituallamientos<\/mark>. <strong>NO HABR\u00c1 VASOS  EN LOS AVITUALLAMIENTOS.<\/strong>\n<ul class=\"wp-block-list\">\n<li>Liquido con agua en kil\u00f3metro 5 (Ambas distancias y andarines)<\/li>\n\n\n\n<li>Liquido y s\u00f3lido en el kil\u00f3metro 10,5 (Distancia larga)<\/li>\n<\/ul>\n<\/li>\n\n\n\n<li><mark style=\"background-color:rgba(0, 0, 0, 0)\" class=\"has-inline-color has-vivid-red-color\">Bolsa del corredor:<\/mark> los participantes de las tres modalidades (carrera corta, carrera larga y andarines) tendr\u00e1n camiseta t\u00e9cnica y pase para la barbacoa. Adem\u00e1s los corredores de ambas distancias recibir\u00e1n un regalo especial X Aniversario.<\/li>\n\n\n\n<li><mark style=\"background-color:rgba(0, 0, 0, 0)\" class=\"has-inline-color has-vivid-red-color\">PEQUETRAIL:<\/mark> Como novedad por el X Aniversario organizamos un pequetrail para ni\u00f1os de 6 a 12 a\u00f1os. La inscripci\u00f3n ser\u00e1 el mismo d\u00eda a partir de las 10:00 h. una vez se de la salida de la carrera de adultos. Todos los ni\u00f1os participantes recibir\u00e1n una medalla y un pase para la barbacoa.<\/li>\n\n\n\n<li>Todos los acompa\u00f1antes que quieran disfrutar de la barbacoa han de abonar 6 \u20ac. Los pases para acompa\u00f1antes se venden el mismo d\u00eda de la prueba.<mark style=\"background-color:rgba(0, 0, 0, 0)\" class=\"has-inline-color has-vivid-red-color\"><\/mark><\/li>\n\n\n\n<li>M\u00e1s informaci\u00f3n en el tel\u00e9fono 659085984.<\/li>\n<\/ul>\n\n\n\n<hr class=\"wp-block-separator has-css-opacity\"\/>\n\n\n\n<p class=\"has-large-font-size\"><strong><span class=\"has-inline-color has-vivid-red-color\">Bases y Reglamento:<\/span><\/strong><\/p>\n\n\n\n<p>La participaci\u00f3n conlleva la total aceptaci\u00f3n de este reglamento. Todo corredor por el hecho de tomar la salida, acepta tanto el presente Reglamento, as\u00ed como las decisiones que tome la organizaci\u00f3n en caso de dudas que pudieran suscitarse.<\/p>\n\n\n\n<p>Dado el car\u00e1cter deportivo y popular de la prueba no se admitir\u00e1n reclamaciones, esperando el mejor esp\u00edritu y comportamiento deportivo de todos los participantes. La organizaci\u00f3n se reserva el derecho a modificar este reglamento si las circunstancias as\u00ed lo aconsejasen (informando oportunamente), y lo no recogido en el mismo se resolver\u00e1 seg\u00fan el criterio de la misma, siendo sus decisiones inapelables.<\/p>\n\n\n\n<p>El corredor por el hecho de inscribirse asume las caracter\u00edsticas propias de esta actividad que por ser realizada en un entorno natural, no pueden estar exenta de cierto riesgo.<\/p>\n\n\n\n<p>El corredor declara hallarse en las condiciones psicof\u00edsicas para la pr\u00e1ctica de actividades en monta\u00f1a y se compromete a obedecer las \u00f3rdenes de la organizaci\u00f3n durante la celebraci\u00f3n de la prueba. Declara no encontrarse bajo los efectos de sustancias relajantes, dopantes, excitantes o alucin\u00f3genas prohibidas por las leyes, en la fecha en que se desarrolla la prueba.<\/p>\n\n\n\n<p>Es una carrera abierta a todos los deportistas con 18 a\u00f1os de edad en adelante. Los menores podr\u00e1n participar previa autorizaci\u00f3n firmada de un tutor legal.<\/p>\n\n\n\n<p>La carrera discurre en un 99%&nbsp;por monta\u00f1a por lo que cada corredor debe de equiparse de acuerdo las necesidades de la actividad, el entorno y las condiciones meteorol\u00f3gicas. En funci\u00f3n de las condiciones meteorol\u00f3gicas previstas para la zona el d\u00eda de la carrera, la organizaci\u00f3n podr\u00e1 establecer llevar un m\u00ednimo de equitaci\u00f3n obligatorio sin el cual no se permitir\u00e1 tomar la salida.<\/p>\n\n\n\n<p>La organizaci\u00f3n&nbsp;podr\u00e1 cancelar, suspender, retrasar o aplazar el evento por razones de fuerza mayor o caso fortuito, seguridad, orden p\u00fablico o emergencia. En caso de aplazamiento de la prueba no se devuelve el importe de la inscripci\u00f3n, se pasa autom\u00e1ticamente a la nueva fecha.<\/p>\n\n\n\n<p>El control de la prueba, correr\u00e1 a cargo de la organizaci\u00f3n. La organizaci\u00f3n dispondr\u00e1, a lo largo del recorrido de los mecanismos de control suficientes para asegurar la correcta y deportiva disputa de la prueba.<\/p>\n\n\n\n<p>El recorrido estar\u00e1 perfectamente se\u00f1alizado con cintas de pl\u00e1stico de tal forma que dese una se pueda ver la siguiente sin dificultad. En determinados puntos se contar\u00e1 con voluntariado de la organizaci\u00f3n  para garantizar una correcta realizaci\u00f3n de la prueba.<\/p>\n\n\n\n<p>La llegada fuera del tiempo establecido obligar\u00e1 a abandonar la carrera. El corredor que desee continuar lo har\u00e1 bajo su estricta responsabilidad, haciendo entrega del dorsal.<\/p>\n\n\n\n<p>Todo corredor\/a que no respete el recorrido oficial, no lleve el dorsal bien visible (pecho) para su identificaci\u00f3n, cometa alguna irregularidad, o porte un dorsal distinto al que se le entrego al formalizar la inscripci\u00f3n y no respete las indicaciones dadas por la organizaci\u00f3n o alguno de sus miembros, ser\u00e1 autom\u00e1ticamente descalificado.<\/p>\n\n\n\n<p>La Organizaci\u00f3n no se hace responsable de los da\u00f1os que se cause o pueda causar cualquier participante.<\/p>\n\n\n\n<p><\/p>\n","protected":false},"excerpt":{"rendered":"<p>LISTA DE ESPERA: info@patonessemueve.es Bases y Reglamento: La participaci\u00f3n conlleva la total aceptaci\u00f3n de este reglamento. Todo corredor por el hecho de tomar la salida, acepta tanto el presente Reglamento, as\u00ed como las decisiones que tome la organizaci\u00f3n en caso de dudas que pudieran suscitarse. Dado el car\u00e1cter deportivo y popular de la prueba no se admitir\u00e1n reclamaciones, esperando el [&hellip;]<\/p>\n","protected":false},"author":1,"featured_media":0,"parent":0,"menu_order":0,"comment_status":"closed","ping_status":"closed","template":"","meta":{"footnotes":""},"class_list":["post-177","page","type-page","status-publish","hentry"],"_links":{"self":[{"href":"https:\/\/patonessemueve.es\/web\/wp-json\/wp\/v2\/pages\/177","targetHints":{"allow":["GET"]}}],"collection":[{"href":"https:\/\/patonessemueve.es\/web\/wp-json\/wp\/v2\/pages"}],"about":[{"href":"https:\/\/patonessemueve.es\/web\/wp-json\/wp\/v2\/types\/page"}],"author":[{"embeddable":true,"href":"https:\/\/patonessemueve.es\/web\/wp-json\/wp\/v2\/users\/1"}],"replies":[{"embeddable":true,"href":"https:\/\/patonessemueve.es\/web\/wp-json\/wp\/v2\/comments?post=177"}],"version-history":[{"count":40,"href":"https:\/\/patonessemueve.es\/web\/wp-json\/wp\/v2\/pages\/177\/revisions"}],"predecessor-version":[{"id":544,"href":"https:\/\/patonessemueve.es\/web\/wp-json\/wp\/v2\/pages\/177\/revisions\/544"}],"wp:attachment":[{"href":"https:\/\/patonessemueve.es\/web\/wp-json\/wp\/v2\/media?parent=177"}],"curies":[{"name":"wp","href":"https:\/\/api.w.org\/{rel}","templated":true}]}}